{"id":11,"date":"2026-04-03T11:25:10","date_gmt":"2026-04-03T11:25:10","guid":{"rendered":"https:\/\/sandrine-dezalay.com\/?page_id=11"},"modified":"2026-04-03T12:47:52","modified_gmt":"2026-04-03T12:47:52","slug":"11-2","status":"publish","type":"page","link":"https:\/\/sandrine-dezalay.com\/","title":{"rendered":"Sandrine Dezalay"},"content":{"rendered":"\n<p class=\"has-text-align-center\" style=\"margin-top:0px;margin-bottom:0px\">Auteure photographe depuis plus de vingt ans, elle capture avec sensibilit\u00e9 l\u2019essence des \u00eatres et des histoires \u00e0 travers ses images.<\/p>\n\n\n\n<p class=\"has-base-color has-text-color has-link-color wp-elements-4ad5600fcf5c37e1243af090f5d0902e\">Auteure photographe<\/p>\n\n\n\n<p><\/p>\n\n\n\n<div class=\"wp-block-cover alignfull\" style=\"margin-top:0;margin-bottom:0;min-height:600px;aspect-ratio:unset;\"><img loading=\"lazy\" decoding=\"async\" width=\"1024\" height=\"681\" class=\"wp-block-cover__image-background wp-image-45\" alt=\"\" src=\"https:\/\/sandrine-dezalay.com\/wp-content\/uploads\/2026\/03\/33382236_1878941168782922_1877919612033564672_n-1024x681.jpg\" style=\"object-position:0% 50%\" data-object-fit=\"cover\" data-object-position=\"0% 50%\" srcset=\"https:\/\/sandrine-dezalay.com\/wp-content\/uploads\/2026\/03\/33382236_1878941168782922_1877919612033564672_n-1024x681.jpg 1024w, https:\/\/sandrine-dezalay.com\/wp-content\/uploads\/2026\/03\/33382236_1878941168782922_1877919612033564672_n-300x200.jpg 300w, https:\/\/sandrine-dezalay.com\/wp-content\/uploads\/2026\/03\/33382236_1878941168782922_1877919612033564672_n-768x511.jpg 768w, https:\/\/sandrine-dezalay.com\/wp-content\/uploads\/2026\/03\/33382236_1878941168782922_1877919612033564672_n.jpg 1108w\" sizes=\"auto, (max-width: 1024px) 100vw, 1024px\" \/><span aria-hidden=\"true\" class=\"wp-block-cover__background has-background-dim\"><\/span><div class=\"wp-block-cover__inner-container is-layout-flow wp-block-cover-is-layout-flow\">\n<p class=\"has-text-align-center has-x-large-font-size\"><\/p>\n<\/div><\/div>\n\n\n\n<h3 class=\"wp-block-heading alignwide has-text-align-center is-style-default has-base-background-color has-text-color has-background has-link-color has-x-large-font-size wp-elements-e12bdcfb4e40fc58d81ac579e38864ae\" style=\"color:#254752\"><strong>Chaque image est une histoire. <br>Une rencontre. Un instant fragile <br>qui m\u00e9rite d\u2019\u00eatre vu, transmis et partag\u00e9.<\/strong><\/h3>\n\n\n\n<p class=\"has-text-align-left has-medium-font-size\" style=\"margin-top:0;margin-bottom:0\">Mon travail s\u2019adresse aux entreprises, aux artistes, aux institutions, aux particuliers, mais aussi \u00e0 tous ceux qui souhaitent r\u00e9v\u00e9ler leur identit\u00e9 visuelle ou pr\u00e9server des moments pr\u00e9cieux.<\/p>\n\n\n\n<p class=\"has-text-align-left has-medium-font-size\" style=\"margin-top:0;margin-bottom:0\"><br>Au studio ou en reportage, dans vos bureaux, lors d\u2019un \u00e9v\u00e9nement, en coulisses d\u2019un spectacle, sur un tournage <br>ou dans l\u2019intimit\u00e9 d\u2019une s\u00e9ance personnelle, je privil\u00e9gie l\u2019authenticit\u00e9, la spontan\u00e9it\u00e9, la confiance.<\/p>\n\n\n\n<p class=\"has-text-align-left has-medium-font-size\" style=\"margin-top:0;margin-bottom:0\"><br>Ma d\u00e9marche repose sur un principe simple : laisser l\u2019humain exister devant l\u2019objectif, et le monde respirer dans l\u2019image.<\/p>\n\n\n\n<div class=\"wp-block-group alignfull has-global-padding is-layout-constrained wp-container-core-group-is-layout-f44ab312 wp-block-group-is-layout-constrained\" style=\"margin-top:0;margin-bottom:0;padding-top:var(--wp--preset--spacing--40);padding-bottom:var(--wp--preset--spacing--40)\">\n<h2 class=\"wp-block-heading alignwide has-text-align-center has-text-color has-link-color has-x-large-font-size wp-elements-6586c14df6bf00ec83e0fabff6d51b3f\" style=\"color:#254752\"><strong>D\u00e9couvrez mon univers<\/strong><\/h2>\n\n\n\n<div class=\"wp-block-columns alignwide is-layout-flex wp-container-core-columns-is-layout-28f84493 wp-block-columns-is-layout-flex\">\n<div class=\"wp-block-column is-layout-flow wp-block-column-is-layout-flow\">\n<figure class=\"wp-block-image size-full is-style-rounded is-style-rounded--1\" style=\"margin-bottom:24px\"><img loading=\"lazy\" decoding=\"async\" width=\"1383\" height=\"1382\" src=\"https:\/\/sandrine-dezalay.com\/wp-content\/uploads\/2026\/03\/518326148_1285215080278640_7410837533210378891_n.jpg\" alt=\"\" class=\"wp-image-48\" style=\"aspect-ratio:1.3333333333333333;object-fit:cover\" srcset=\"https:\/\/sandrine-dezalay.com\/wp-content\/uploads\/2026\/03\/518326148_1285215080278640_7410837533210378891_n.jpg 1383w, https:\/\/sandrine-dezalay.com\/wp-content\/uploads\/2026\/03\/518326148_1285215080278640_7410837533210378891_n-300x300.jpg 300w, https:\/\/sandrine-dezalay.com\/wp-content\/uploads\/2026\/03\/518326148_1285215080278640_7410837533210378891_n-1024x1024.jpg 1024w, https:\/\/sandrine-dezalay.com\/wp-content\/uploads\/2026\/03\/518326148_1285215080278640_7410837533210378891_n-150x150.jpg 150w, https:\/\/sandrine-dezalay.com\/wp-content\/uploads\/2026\/03\/518326148_1285215080278640_7410837533210378891_n-768x767.jpg 768w\" sizes=\"auto, (max-width: 1383px) 100vw, 1383px\" \/><\/figure>\n\n\n\n<h3 class=\"wp-block-heading\"><strong>Studio<\/strong><\/h3>\n\n\n\n<p class=\"has-medium-font-size\">Portraits, nus artistiques, bijoux, parfum, cr\u00e9ations visuelles, reproduction historique.<\/p>\n<\/div>\n\n\n\n<div class=\"wp-block-column is-layout-flow wp-block-column-is-layout-flow\">\n<figure class=\"wp-block-image size-full is-style-rounded is-style-rounded--2\" style=\"margin-bottom:24px\"><img loading=\"lazy\" decoding=\"async\" width=\"1575\" height=\"1048\" src=\"https:\/\/sandrine-dezalay.com\/wp-content\/uploads\/2026\/03\/106222002_3296341693709522_5921495073544143656_n.jpg\" alt=\"\" class=\"wp-image-49\" style=\"aspect-ratio:1.3333333333333333;object-fit:cover\" srcset=\"https:\/\/sandrine-dezalay.com\/wp-content\/uploads\/2026\/03\/106222002_3296341693709522_5921495073544143656_n.jpg 1575w, https:\/\/sandrine-dezalay.com\/wp-content\/uploads\/2026\/03\/106222002_3296341693709522_5921495073544143656_n-300x200.jpg 300w, https:\/\/sandrine-dezalay.com\/wp-content\/uploads\/2026\/03\/106222002_3296341693709522_5921495073544143656_n-1024x681.jpg 1024w, https:\/\/sandrine-dezalay.com\/wp-content\/uploads\/2026\/03\/106222002_3296341693709522_5921495073544143656_n-768x511.jpg 768w, https:\/\/sandrine-dezalay.com\/wp-content\/uploads\/2026\/03\/106222002_3296341693709522_5921495073544143656_n-1536x1022.jpg 1536w\" sizes=\"auto, (max-width: 1575px) 100vw, 1575px\" \/><\/figure>\n\n\n\n<h3 class=\"wp-block-heading\"><strong><strong>Reportages<\/strong><\/strong><\/h3>\n\n\n\n<p class=\"has-medium-font-size\">Corporate, institutionnel, \u00e9v\u00e9nementiel, captation en coulisses, reporter en immersion tout type de milieu professionnel.<\/p>\n<\/div>\n\n\n\n<div class=\"wp-block-column is-layout-flow wp-block-column-is-layout-flow\">\n<figure class=\"wp-block-image size-full is-style-rounded is-style-rounded--3\" style=\"margin-bottom:24px\"><img loading=\"lazy\" decoding=\"async\" width=\"2560\" height=\"1440\" src=\"https:\/\/sandrine-dezalay.com\/wp-content\/uploads\/2026\/03\/Site-internet-photographe-scaled.jpg\" alt=\"\" class=\"wp-image-50\" style=\"aspect-ratio:4\/3;object-fit:cover\" srcset=\"https:\/\/sandrine-dezalay.com\/wp-content\/uploads\/2026\/03\/Site-internet-photographe-scaled.jpg 2560w, https:\/\/sandrine-dezalay.com\/wp-content\/uploads\/2026\/03\/Site-internet-photographe-300x169.jpg 300w, https:\/\/sandrine-dezalay.com\/wp-content\/uploads\/2026\/03\/Site-internet-photographe-1024x576.jpg 1024w, https:\/\/sandrine-dezalay.com\/wp-content\/uploads\/2026\/03\/Site-internet-photographe-768x432.jpg 768w, https:\/\/sandrine-dezalay.com\/wp-content\/uploads\/2026\/03\/Site-internet-photographe-1536x864.jpg 1536w, https:\/\/sandrine-dezalay.com\/wp-content\/uploads\/2026\/03\/Site-internet-photographe-2048x1152.jpg 2048w\" sizes=\"auto, (max-width: 2560px) 100vw, 2560px\" \/><\/figure>\n\n\n\n<h3 class=\"wp-block-heading\"><strong><strong>Formations et stages<\/strong><\/strong><\/h3>\n\n\n\n<p class=\"has-medium-font-size\">Formation tout niveau, sortir du mode automatique, d\u00e9velopper son regard et sa sensibilit\u00e9.<\/p>\n<\/div>\n\n\n\n<div class=\"wp-block-column is-layout-flow wp-block-column-is-layout-flow\">\n<figure class=\"wp-block-image size-full is-style-rounded is-style-rounded--4\" style=\"margin-bottom:24px\"><img loading=\"lazy\" decoding=\"async\" width=\"500\" height=\"500\" src=\"https:\/\/sandrine-dezalay.com\/wp-content\/uploads\/2026\/02\/504533081_24121193217464399_4360684114041627984_n.jpg\" alt=\"\" class=\"wp-image-17\" style=\"aspect-ratio:4\/3;object-fit:cover\" srcset=\"https:\/\/sandrine-dezalay.com\/wp-content\/uploads\/2026\/02\/504533081_24121193217464399_4360684114041627984_n.jpg 500w, https:\/\/sandrine-dezalay.com\/wp-content\/uploads\/2026\/02\/504533081_24121193217464399_4360684114041627984_n-300x300.jpg 300w, https:\/\/sandrine-dezalay.com\/wp-content\/uploads\/2026\/02\/504533081_24121193217464399_4360684114041627984_n-150x150.jpg 150w\" sizes=\"auto, (max-width: 500px) 100vw, 500px\" \/><\/figure>\n\n\n\n<h3 class=\"wp-block-heading\"><strong><strong>Ateliers<\/strong><\/strong><\/h3>\n\n\n\n<p class=\"has-medium-font-size\">Atelier photo \u00e0 th\u00e8me, cours particulier ou en groupe, mise en place des ateliers pour club photo (particulier ou professionnel).<\/p>\n<\/div>\n<\/div>\n<\/div>\n\n\n\n<div class=\"wp-block-group alignfull is-style-section-1 has-background has-global-padding is-layout-constrained wp-block-group-is-layout-constrained\" style=\"background-color:#254752;margin-top:0;margin-bottom:0;padding-top:var(--wp--preset--spacing--30);padding-bottom:var(--wp--preset--spacing--30)\">\n<div class=\"wp-block-columns alignwide is-layout-flex wp-container-core-columns-is-layout-7ee84d44 wp-block-columns-is-layout-flex\">\n<div class=\"wp-block-column is-vertically-aligned-center is-layout-flow wp-block-column-is-layout-flow\" style=\"flex-basis:50%\">\n<h2 class=\"wp-block-heading is-style-default has-base-color has-text-color has-link-color has-x-large-font-size wp-elements-41abbc7fa9281162b2e20d8a4bc902c0\"><strong>\u00c0<\/strong> <strong>propos<\/strong><\/h2>\n\n\n\n<p class=\"has-base-2-color has-text-color has-link-color has-medium-font-size wp-elements-e22d90be60f7d902585090dfdec5f271\" style=\"padding-right:0;padding-left:0\">Photographe humaniste depuis plus de vingt ans, elle d\u00e9veloppe un regard sensible et attentif sur le monde et celles et ceux qui l\u2019habitent. Reporter puis photographe de studio prim\u00e9e, elle explore diff\u00e9rents territoires de l\u2019image, du portrait \u00e0 la photographie documentaire.<\/p>\n\n\n\n<p class=\"has-base-2-color has-text-color has-link-color wp-elements-c8af0eab4666b924ea8db2554087815b\" style=\"padding-right:0;padding-left:0\">Elle a r\u00e9alis\u00e9 plusieurs ouvrages photographiques pour des entreprises et des personnalit\u00e9s, mettant son regard et son exp\u00e9rience au service de projets \u00e9ditoriaux et narratifs.<\/p>\n\n\n\n<p class=\"has-base-2-color has-text-color has-link-color has-medium-font-size wp-elements-73aa1a05f7edba247a043f7bd85ca1ab\" style=\"padding-right:0;padding-left:0\">Attach\u00e9e \u00e0 la transmission, elle a enseign\u00e9 plusieurs ann\u00e9es \u00e0 l\u2019Institut National de l\u2019Audiovisuel (INA). Elle propose aujourd\u2019hui des cours et ateliers de photographie ouverts \u00e0 tous les niveaux, o\u00f9 elle partage sa passion, son regard et son exp\u00e9rience.<\/p>\n<\/div>\n\n\n\n<div class=\"wp-block-column is-vertically-aligned-center is-layout-flow wp-block-column-is-layout-flow\" style=\"flex-basis:50%\">\n<figure class=\"wp-block-image aligncenter size-full is-resized\"><img loading=\"lazy\" decoding=\"async\" width=\"787\" height=\"786\" src=\"https:\/\/sandrine-dezalay.com\/wp-content\/uploads\/2026\/02\/48396134_2178516945492008_6876941320405909504_n-1.jpg\" alt=\"\" class=\"wp-image-29\" style=\"aspect-ratio:1;object-fit:cover;width:347px;height:auto\" srcset=\"https:\/\/sandrine-dezalay.com\/wp-content\/uploads\/2026\/02\/48396134_2178516945492008_6876941320405909504_n-1.jpg 787w, https:\/\/sandrine-dezalay.com\/wp-content\/uploads\/2026\/02\/48396134_2178516945492008_6876941320405909504_n-1-300x300.jpg 300w, https:\/\/sandrine-dezalay.com\/wp-content\/uploads\/2026\/02\/48396134_2178516945492008_6876941320405909504_n-1-150x150.jpg 150w, https:\/\/sandrine-dezalay.com\/wp-content\/uploads\/2026\/02\/48396134_2178516945492008_6876941320405909504_n-1-768x767.jpg 768w\" sizes=\"auto, (max-width: 787px) 100vw, 787px\" \/><\/figure>\n<\/div>\n<\/div>\n<\/div>\n\n\n\n<div class=\"wp-block-group alignfull is-style-default is-layout-flow wp-container-core-group-is-layout-48316a05 wp-block-group-is-layout-flow\" style=\"min-height:0px;margin-top:0;margin-bottom:0;padding-top:var(--wp--preset--spacing--40);padding-right:0;padding-bottom:var(--wp--preset--spacing--40);padding-left:0\">\n<div class=\"wp-block-group alignwide is-layout-grid wp-container-core-group-is-layout-a548c0cc wp-block-group-is-layout-grid\">\n<div class=\"wp-block-group is-style-section-3 has-global-padding is-layout-constrained wp-block-group-is-layout-constrained\" style=\"min-height:297px\">\n<div class=\"wp-block-group is-style-section-5 has-background is-vertical is-content-justification-center is-layout-flex wp-container-core-group-is-layout-4aa192bb wp-block-group-is-layout-flex\" style=\"background-color:#254752;min-height:100%\">\n<h2 class=\"wp-block-heading has-base-2-color has-text-color has-link-color has-x-large-font-size wp-elements-2c64b0f3278c088fa9b3a1f01f68400e\"><strong>Portfolio<\/strong><\/h2>\n<\/div>\n<\/div>\n\n\n\n<figure class=\"wp-block-image size-full\"><img loading=\"lazy\" decoding=\"async\" width=\"500\" height=\"446\" src=\"https:\/\/sandrine-dezalay.com\/wp-content\/uploads\/2026\/02\/504507560_24121200157463705_7784299575954237355_n.jpg\" alt=\"\" class=\"wp-image-21\" style=\"aspect-ratio:1;object-fit:cover\" srcset=\"https:\/\/sandrine-dezalay.com\/wp-content\/uploads\/2026\/02\/504507560_24121200157463705_7784299575954237355_n.jpg 500w, https:\/\/sandrine-dezalay.com\/wp-content\/uploads\/2026\/02\/504507560_24121200157463705_7784299575954237355_n-300x268.jpg 300w\" sizes=\"auto, (max-width: 500px) 100vw, 500px\" \/><\/figure>\n\n\n\n<figure class=\"wp-block-image size-full\"><img loading=\"lazy\" decoding=\"async\" width=\"1397\" height=\"799\" src=\"https:\/\/sandrine-dezalay.com\/wp-content\/uploads\/2026\/02\/486546055_9814754131868213_4282788286709640305_n-1.jpg\" alt=\"\" class=\"wp-image-22\" style=\"aspect-ratio:1;object-fit:cover\" srcset=\"https:\/\/sandrine-dezalay.com\/wp-content\/uploads\/2026\/02\/486546055_9814754131868213_4282788286709640305_n-1.jpg 1397w, https:\/\/sandrine-dezalay.com\/wp-content\/uploads\/2026\/02\/486546055_9814754131868213_4282788286709640305_n-1-300x172.jpg 300w, https:\/\/sandrine-dezalay.com\/wp-content\/uploads\/2026\/02\/486546055_9814754131868213_4282788286709640305_n-1-1024x586.jpg 1024w, https:\/\/sandrine-dezalay.com\/wp-content\/uploads\/2026\/02\/486546055_9814754131868213_4282788286709640305_n-1-768x439.jpg 768w\" sizes=\"auto, (max-width: 1397px) 100vw, 1397px\" \/><\/figure>\n\n\n\n<figure class=\"wp-block-image size-full\"><img loading=\"lazy\" decoding=\"async\" width=\"900\" height=\"599\" src=\"https:\/\/sandrine-dezalay.com\/wp-content\/uploads\/2026\/02\/495336915_1228952579238224_1563794261183225214_n.jpg\" alt=\"\" class=\"wp-image-23\" style=\"aspect-ratio:1;object-fit:cover\" srcset=\"https:\/\/sandrine-dezalay.com\/wp-content\/uploads\/2026\/02\/495336915_1228952579238224_1563794261183225214_n.jpg 900w, https:\/\/sandrine-dezalay.com\/wp-content\/uploads\/2026\/02\/495336915_1228952579238224_1563794261183225214_n-300x200.jpg 300w, https:\/\/sandrine-dezalay.com\/wp-content\/uploads\/2026\/02\/495336915_1228952579238224_1563794261183225214_n-768x511.jpg 768w\" sizes=\"auto, (max-width: 900px) 100vw, 900px\" \/><\/figure>\n\n\n\n<figure class=\"wp-block-image size-full\"><img loading=\"lazy\" decoding=\"async\" width=\"1248\" height=\"790\" src=\"https:\/\/sandrine-dezalay.com\/wp-content\/uploads\/2026\/03\/518395772_1289989609801187_2576282341644147642_n-1.jpg\" alt=\"\" class=\"wp-image-55\" style=\"aspect-ratio:1;object-fit:cover\" srcset=\"https:\/\/sandrine-dezalay.com\/wp-content\/uploads\/2026\/03\/518395772_1289989609801187_2576282341644147642_n-1.jpg 1248w, https:\/\/sandrine-dezalay.com\/wp-content\/uploads\/2026\/03\/518395772_1289989609801187_2576282341644147642_n-1-300x190.jpg 300w, https:\/\/sandrine-dezalay.com\/wp-content\/uploads\/2026\/03\/518395772_1289989609801187_2576282341644147642_n-1-1024x648.jpg 1024w, https:\/\/sandrine-dezalay.com\/wp-content\/uploads\/2026\/03\/518395772_1289989609801187_2576282341644147642_n-1-768x486.jpg 768w\" sizes=\"auto, (max-width: 1248px) 100vw, 1248px\" \/><\/figure>\n\n\n\n<figure class=\"wp-block-image size-full\"><img loading=\"lazy\" decoding=\"async\" width=\"1575\" height=\"1048\" src=\"https:\/\/sandrine-dezalay.com\/wp-content\/uploads\/2026\/02\/106222002_3296341693709522_5921495073544143656_n-1.jpg\" alt=\"\" class=\"wp-image-25\" style=\"aspect-ratio:1;object-fit:cover\" srcset=\"https:\/\/sandrine-dezalay.com\/wp-content\/uploads\/2026\/02\/106222002_3296341693709522_5921495073544143656_n-1.jpg 1575w, https:\/\/sandrine-dezalay.com\/wp-content\/uploads\/2026\/02\/106222002_3296341693709522_5921495073544143656_n-1-300x200.jpg 300w, https:\/\/sandrine-dezalay.com\/wp-content\/uploads\/2026\/02\/106222002_3296341693709522_5921495073544143656_n-1-1024x681.jpg 1024w, https:\/\/sandrine-dezalay.com\/wp-content\/uploads\/2026\/02\/106222002_3296341693709522_5921495073544143656_n-1-768x511.jpg 768w, https:\/\/sandrine-dezalay.com\/wp-content\/uploads\/2026\/02\/106222002_3296341693709522_5921495073544143656_n-1-1536x1022.jpg 1536w\" sizes=\"auto, (max-width: 1575px) 100vw, 1575px\" \/><\/figure>\n\n\n\n<figure class=\"wp-block-image size-full\"><img loading=\"lazy\" decoding=\"async\" width=\"487\" height=\"500\" src=\"https:\/\/sandrine-dezalay.com\/wp-content\/uploads\/2026\/03\/504533081_24121193217464399_4360684114041627984_n-1.jpg\" alt=\"\" class=\"wp-image-59\" srcset=\"https:\/\/sandrine-dezalay.com\/wp-content\/uploads\/2026\/03\/504533081_24121193217464399_4360684114041627984_n-1.jpg 487w, https:\/\/sandrine-dezalay.com\/wp-content\/uploads\/2026\/03\/504533081_24121193217464399_4360684114041627984_n-1-292x300.jpg 292w\" sizes=\"auto, (max-width: 487px) 100vw, 487px\" \/><\/figure>\n\n\n\n<figure class=\"wp-block-image size-large\"><img loading=\"lazy\" decoding=\"async\" width=\"991\" height=\"1024\" src=\"https:\/\/sandrine-dezalay.com\/wp-content\/uploads\/2026\/03\/540128643_3233861703436027_8651415973933857987_n-1-991x1024.jpg\" alt=\"\" class=\"wp-image-57\" srcset=\"https:\/\/sandrine-dezalay.com\/wp-content\/uploads\/2026\/03\/540128643_3233861703436027_8651415973933857987_n-1-991x1024.jpg 991w, https:\/\/sandrine-dezalay.com\/wp-content\/uploads\/2026\/03\/540128643_3233861703436027_8651415973933857987_n-1-290x300.jpg 290w, https:\/\/sandrine-dezalay.com\/wp-content\/uploads\/2026\/03\/540128643_3233861703436027_8651415973933857987_n-1-768x793.jpg 768w, https:\/\/sandrine-dezalay.com\/wp-content\/uploads\/2026\/03\/540128643_3233861703436027_8651415973933857987_n-1.jpg 1420w\" sizes=\"auto, (max-width: 991px) 100vw, 991px\" \/><\/figure>\n<\/div>\n<\/div>\n\n\n\n<p><\/p>\n","protected":false},"excerpt":{"rendered":"<p>Auteure photographe depuis plus de vingt ans, elle capture avec sensibilit\u00e9 l\u2019essence des \u00eatres et des histoires \u00e0 travers ses images. Auteure photographe Chaque image est une histoire. Une rencontre. Un instant fragile qui m\u00e9rite d\u2019\u00eatre vu, transmis et partag\u00e9. Mon travail s\u2019adresse aux entreprises, aux artistes, aux institutions, aux particuliers, mais aussi \u00e0 tous [&hellip;]<\/p>\n","protected":false},"author":2,"featured_media":0,"parent":0,"menu_order":0,"comment_status":"closed","ping_status":"closed","template":"","meta":{"footnotes":""},"class_list":["post-11","page","type-page","status-publish","hentry"],"_links":{"self":[{"href":"https:\/\/sandrine-dezalay.com\/index.php?rest_route=\/wp\/v2\/pages\/11","targetHints":{"allow":["GET"]}}],"collection":[{"href":"https:\/\/sandrine-dezalay.com\/index.php?rest_route=\/wp\/v2\/pages"}],"about":[{"href":"https:\/\/sandrine-dezalay.com\/index.php?rest_route=\/wp\/v2\/types\/page"}],"author":[{"embeddable":true,"href":"https:\/\/sandrine-dezalay.com\/index.php?rest_route=\/wp\/v2\/users\/2"}],"replies":[{"embeddable":true,"href":"https:\/\/sandrine-dezalay.com\/index.php?rest_route=%2Fwp%2Fv2%2Fcomments&post=11"}],"version-history":[{"count":35,"href":"https:\/\/sandrine-dezalay.com\/index.php?rest_route=\/wp\/v2\/pages\/11\/revisions"}],"predecessor-version":[{"id":112,"href":"https:\/\/sandrine-dezalay.com\/index.php?rest_route=\/wp\/v2\/pages\/11\/revisions\/112"}],"wp:attachment":[{"href":"https:\/\/sandrine-dezalay.com\/index.php?rest_route=%2Fwp%2Fv2%2Fmedia&parent=11"}],"curies":[{"name":"wp","href":"https:\/\/api.w.org\/{rel}","templated":true}]}}